{"id":3894,"date":"2023-12-28T13:55:54","date_gmt":"2023-12-28T12:55:54","guid":{"rendered":"https:\/\/cadizexperiences.com\/contact\/"},"modified":"2024-02-20T11:11:18","modified_gmt":"2024-02-20T10:11:18","slug":"contact","status":"publish","type":"page","link":"https:\/\/cadizexperiences.com\/en\/contact\/","title":{"rendered":"Contact"},"content":{"rendered":"\n<section id=\"bloque-fondo\" class=\"wp-block-group\"><div class=\"wp-block-group__inner-container is-layout-constrained wp-block-group-is-layout-constrained\"><div class=\"wp-bootstrap-blocks-container container mb-2\">\n\t<\/div>\n<\/div><\/section>\n\n<section id=\"bloque-formulario\" class=\"wp-block-group\"><div class=\"wp-block-group__inner-container is-layout-constrained wp-block-group-is-layout-constrained\"><div class=\"wp-bootstrap-blocks-container container mb-2\">\n\t\n<div class=\"wp-bootstrap-blocks-row row\">\n\t\n\n<div class=\"col-8 col-md-4 pr-md-0\">\n\t\t\t\n\n<figure class=\"wp-block-image size-full\"><img loading=\"lazy\" decoding=\"async\" width=\"570\" height=\"857\" src=\"https:\/\/cadizexperiences.com\/wp-content\/uploads\/2024\/01\/img-contacto.png\" alt=\"\" class=\"wp-image-302\" srcset=\"https:\/\/cadizexperiences.com\/wp-content\/uploads\/2024\/01\/img-contacto.png 570w, https:\/\/cadizexperiences.com\/wp-content\/uploads\/2024\/01\/img-contacto-200x300.png 200w\" sizes=\"auto, (max-width: 570px) 100vw, 570px\" \/><\/figure>\n\n\t<\/div>\n\n\n\n<div class=\"col-12 col-md-6 offset-md-1 pl-md-0\">\n\t\t\t\n\n<h2 class=\"wp-block-heading\">Do you need help?<\/h2>\n\n\n\n<p id=\"subtitulo\">I will help you find your ideal experience in C\u00e1diz.<\/p>\n\n\n\n<p class=\"parrafo-links\">You can write to me on <a href=\"https:\/\/api.whatsapp.com\/send?phone=34623177191\">WhatsApp<\/a> or <a href=\"mailto:info@cadizexperiences.com\">email<\/a>.<\/p>\n\n\n\n<p>If it is more convenient for you, you can also contact me through the following form and I will respond as soon as possible.<\/p>\n\n\n\n<div class=\"wp-block-contact-form-7-contact-form-selector\">\n<div class=\"wpcf7 no-js\" id=\"wpcf7-f4906-o1\" lang=\"en-US\" dir=\"ltr\" data-wpcf7-id=\"4906\">\n<div class=\"screen-reader-response\"><p role=\"status\" aria-live=\"polite\" aria-atomic=\"true\"><\/p> <ul><\/ul><\/div>\n<form action=\"\/en\/wp-json\/wp\/v2\/pages\/3894#wpcf7-f4906-o1\" method=\"post\" class=\"wpcf7-form init\" aria-label=\"Contact form\" novalidate=\"novalidate\" data-status=\"init\">\n<fieldset class=\"hidden-fields-container\"><input type=\"hidden\" name=\"_wpcf7\" value=\"4906\" \/><input type=\"hidden\" name=\"_wpcf7_version\" value=\"6.1.5\" \/><input type=\"hidden\" name=\"_wpcf7_locale\" value=\"en_US\" \/><input type=\"hidden\" name=\"_wpcf7_unit_tag\" value=\"wpcf7-f4906-o1\" \/><input type=\"hidden\" name=\"_wpcf7_container_post\" value=\"0\" \/><input type=\"hidden\" name=\"_wpcf7_posted_data_hash\" value=\"\" \/><input type=\"hidden\" name=\"_wpcf7_recaptcha_response\" value=\"\" \/>\n<\/fieldset>\n<div class=\"uacf7-form-wrapper-container uacf7-form-4906  \"><div class=\"row\">\n<div class=\"col-12 col-lg-6\">\n<label><span>Name<\/span><span class=\"wpcf7-form-control-wrap\" data-name=\"nombre\"><input size=\"40\" maxlength=\"400\" class=\"wpcf7-form-control wpcf7-text wpcf7-validates-as-required\" aria-required=\"true\" aria-invalid=\"false\" placeholder=\"Write here\" value=\"\" type=\"text\" name=\"nombre\" \/><\/span> <\/label>\n<\/div>\n<div class=\"col-12 col-lg-6\">\n<label><span>Lastname<\/span><span class=\"wpcf7-form-control-wrap\" data-name=\"apellidos\"><input size=\"40\" maxlength=\"400\" class=\"wpcf7-form-control wpcf7-text wpcf7-validates-as-required\" aria-required=\"true\" aria-invalid=\"false\" placeholder=\"Write here\" value=\"\" type=\"text\" name=\"apellidos\" \/><\/span> <\/label>\n<\/div>\n<\/div>\n<div class=\"row\">\n<div class=\"col-12 col-lg-6\">\n<label><span>Mail<\/span><span class=\"wpcf7-form-control-wrap\" data-name=\"email\"><input size=\"40\" maxlength=\"400\" class=\"wpcf7-form-control wpcf7-email wpcf7-validates-as-required wpcf7-text wpcf7-validates-as-email\" aria-required=\"true\" aria-invalid=\"false\" placeholder=\"Write here\" value=\"\" type=\"email\" name=\"email\" \/><\/span> <\/label>\n<\/div>\n<div class=\"col-12 col-lg-6\">\n<label><span>Phone <small>Please, write your contry prefix<\/small><\/span><span class=\"wpcf7-form-control-wrap\" data-name=\"telefono\"><input size=\"40\" maxlength=\"400\" class=\"wpcf7-form-control wpcf7-tel wpcf7-text wpcf7-validates-as-tel\" aria-invalid=\"false\" placeholder=\"Write here\" value=\"\" type=\"tel\" name=\"telefono\" \/><\/span> <\/label>\n<\/div>\n<\/div>\n<div class=\"row\">\n<div class=\"col-12 col-lg-6\">\n<label><span>Nationality<\/span><span class=\"wpcf7-form-control-wrap\" data-name=\"nacionalidad\"><input size=\"40\" maxlength=\"400\" class=\"wpcf7-form-control wpcf7-text wpcf7-validates-as-required\" aria-required=\"true\" aria-invalid=\"false\" placeholder=\"Write here\" value=\"\" type=\"text\" name=\"nacionalidad\" \/><\/span> <\/label>\n<\/div>\n<div class=\"col-12 col-lg-6\">\n<label><span>Message<\/span><span class=\"wpcf7-form-control-wrap\" data-name=\"mensaje\"><textarea cols=\"40\" rows=\"10\" maxlength=\"2000\" class=\"wpcf7-form-control wpcf7-textarea\" aria-invalid=\"false\" placeholder=\"Write here\" name=\"mensaje\"><\/textarea><\/span> <\/label>\n<\/div>\n<\/div>\n<div class=\"row\">\n<div class=\"col-12\">\n<p><small>The personal data requested through this form is the minimum necessary to process your request and will be processed by C\u00c1DIZ EXPERIENCES, located at C\/Hospital de Mujeres, 30, C\u00e1diz, in accordance with our Privacy Policy, for the purpose of responding to any inquiries you submit through this form. The data collected through this form will not be shared with third parties except where required by law. We remind you that you have the right to access, rectify, restrict processing, erase, port, and object to the processing of your data by sending your request to the postal address indicated or to the email address info@cadizexperiences.com. You may also contact us for any further clarification.<\/small><\/p>\n<span class=\"wpcf7-form-control-wrap\" data-name=\"politica\"><span class=\"wpcf7-form-control wpcf7-acceptance\"><span class=\"wpcf7-list-item\"><label><input type=\"checkbox\" name=\"politica\" value=\"1\" aria-invalid=\"false\" \/><span class=\"wpcf7-list-item-label\">I have read and accept <a href=\"\/politica-de-privacidad\">privacy policy<\/a><\/span><\/label><\/span><\/span><\/span>\n<\/div>\n<\/div>\n<div class=\"row\">\n<div class=\"col-12 col-lg-4\">\n<input class=\"wpcf7-form-control wpcf7-submit has-spinner cta negro\" type=\"submit\" value=\"Send\" \/>\n<\/div>\n<\/div><\/div><div class=\"wpcf7-response-output\" aria-hidden=\"true\"><\/div>\n<\/form>\n<\/div>\n<\/div>\n\n\t<\/div>\n\n<\/div>\n\n<\/div>\n<\/div><\/section>\n","protected":false},"excerpt":{"rendered":"","protected":false},"author":1,"featured_media":0,"parent":0,"menu_order":0,"comment_status":"closed","ping_status":"closed","template":"page-templates\/empty.php","meta":{"inline_featured_image":false,"footnotes":""},"class_list":["post-3894","page","type-page","status-publish","hentry"],"featured_image_src":null,"yoast_head":"<!-- This site is optimized with the Yoast SEO plugin v27.3 - https:\/\/yoast.com\/product\/yoast-seo-wordpress\/ -->\n<title>Contact - C\u00e1diz Experiences<\/title>\n<meta name=\"robots\" content=\"index, follow, max-snippet:-1, max-image-preview:large, max-video-preview:-1\" \/>\n<link rel=\"canonical\" href=\"https:\/\/cadizexperiences.com\/en\/contact\/\" \/>\n<meta property=\"og:locale\" content=\"en_US\" \/>\n<meta property=\"og:type\" content=\"article\" \/>\n<meta property=\"og:title\" content=\"Contact - C\u00e1diz Experiences\" \/>\n<meta property=\"og:url\" content=\"https:\/\/cadizexperiences.com\/en\/contact\/\" \/>\n<meta property=\"og:site_name\" content=\"C\u00e1diz Experiences\" \/>\n<meta property=\"article:publisher\" content=\"https:\/\/www.facebook.com\/cadiz.experiences.1\" \/>\n<meta property=\"article:modified_time\" content=\"2024-02-20T10:11:18+00:00\" \/>\n<meta property=\"og:image\" content=\"https:\/\/cadizexperiences.com\/wp-content\/uploads\/2024\/01\/img-contacto.png\" \/>\n<meta name=\"twitter:card\" content=\"summary_large_image\" \/>\n<script type=\"application\/ld+json\" class=\"yoast-schema-graph\">{\"@context\":\"https:\\\/\\\/schema.org\",\"@graph\":[{\"@type\":\"WebPage\",\"@id\":\"https:\\\/\\\/cadizexperiences.com\\\/en\\\/contact\\\/\",\"url\":\"https:\\\/\\\/cadizexperiences.com\\\/en\\\/contact\\\/\",\"name\":\"Contact - C\u00e1diz Experiences\",\"isPartOf\":{\"@id\":\"https:\\\/\\\/cadizexperiences.com\\\/en\\\/#website\"},\"primaryImageOfPage\":{\"@id\":\"https:\\\/\\\/cadizexperiences.com\\\/en\\\/contact\\\/#primaryimage\"},\"image\":{\"@id\":\"https:\\\/\\\/cadizexperiences.com\\\/en\\\/contact\\\/#primaryimage\"},\"thumbnailUrl\":\"https:\\\/\\\/cadizexperiences.com\\\/wp-content\\\/uploads\\\/2024\\\/01\\\/img-contacto.png\",\"datePublished\":\"2023-12-28T12:55:54+00:00\",\"dateModified\":\"2024-02-20T10:11:18+00:00\",\"breadcrumb\":{\"@id\":\"https:\\\/\\\/cadizexperiences.com\\\/en\\\/contact\\\/#breadcrumb\"},\"inLanguage\":\"en-US\",\"potentialAction\":[{\"@type\":\"ReadAction\",\"target\":[\"https:\\\/\\\/cadizexperiences.com\\\/en\\\/contact\\\/\"]}]},{\"@type\":\"ImageObject\",\"inLanguage\":\"en-US\",\"@id\":\"https:\\\/\\\/cadizexperiences.com\\\/en\\\/contact\\\/#primaryimage\",\"url\":\"https:\\\/\\\/cadizexperiences.com\\\/wp-content\\\/uploads\\\/2024\\\/01\\\/img-contacto.png\",\"contentUrl\":\"https:\\\/\\\/cadizexperiences.com\\\/wp-content\\\/uploads\\\/2024\\\/01\\\/img-contacto.png\"},{\"@type\":\"BreadcrumbList\",\"@id\":\"https:\\\/\\\/cadizexperiences.com\\\/en\\\/contact\\\/#breadcrumb\",\"itemListElement\":[{\"@type\":\"ListItem\",\"position\":1,\"name\":\"Portada\",\"item\":\"https:\\\/\\\/cadizexperiences.com\\\/en\\\/\"},{\"@type\":\"ListItem\",\"position\":2,\"name\":\"Contact\"}]},{\"@type\":\"WebSite\",\"@id\":\"https:\\\/\\\/cadizexperiences.com\\\/en\\\/#website\",\"url\":\"https:\\\/\\\/cadizexperiences.com\\\/en\\\/\",\"name\":\"C\u00e1diz Experiences\",\"description\":\"Gu\u00eda de C\u00e1diz. Experiencias \u00e9ticas y diferentes\",\"publisher\":{\"@id\":\"https:\\\/\\\/cadizexperiences.com\\\/en\\\/#organization\"},\"potentialAction\":[{\"@type\":\"SearchAction\",\"target\":{\"@type\":\"EntryPoint\",\"urlTemplate\":\"https:\\\/\\\/cadizexperiences.com\\\/en\\\/?s={search_term_string}\"},\"query-input\":{\"@type\":\"PropertyValueSpecification\",\"valueRequired\":true,\"valueName\":\"search_term_string\"}}],\"inLanguage\":\"en-US\"},{\"@type\":\"Organization\",\"@id\":\"https:\\\/\\\/cadizexperiences.com\\\/en\\\/#organization\",\"name\":\"C\u00e1diz Experiences\",\"url\":\"https:\\\/\\\/cadizexperiences.com\\\/en\\\/\",\"logo\":{\"@type\":\"ImageObject\",\"inLanguage\":\"en-US\",\"@id\":\"https:\\\/\\\/cadizexperiences.com\\\/en\\\/#\\\/schema\\\/logo\\\/image\\\/\",\"url\":\"https:\\\/\\\/cadizexperiences.com\\\/wp-content\\\/uploads\\\/2023\\\/12\\\/logo-horizontal-cadizexperiences.svg\",\"contentUrl\":\"https:\\\/\\\/cadizexperiences.com\\\/wp-content\\\/uploads\\\/2023\\\/12\\\/logo-horizontal-cadizexperiences.svg\",\"width\":232,\"height\":44,\"caption\":\"C\u00e1diz Experiences\"},\"image\":{\"@id\":\"https:\\\/\\\/cadizexperiences.com\\\/en\\\/#\\\/schema\\\/logo\\\/image\\\/\"},\"sameAs\":[\"https:\\\/\\\/www.facebook.com\\\/cadiz.experiences.1\",\"http:\\\/\\\/www.instagram.com\\\/cadiz_experiences\",\"https:\\\/\\\/www.youtube.com\\\/channel\\\/UClmuhSAvwKt5rw1p8WBbmIQ\"]}]}<\/script>\n<!-- \/ Yoast SEO plugin. -->","yoast_head_json":{"title":"Contact - C\u00e1diz Experiences","robots":{"index":"index","follow":"follow","max-snippet":"max-snippet:-1","max-image-preview":"max-image-preview:large","max-video-preview":"max-video-preview:-1"},"canonical":"https:\/\/cadizexperiences.com\/en\/contact\/","og_locale":"en_US","og_type":"article","og_title":"Contact - C\u00e1diz Experiences","og_url":"https:\/\/cadizexperiences.com\/en\/contact\/","og_site_name":"C\u00e1diz Experiences","article_publisher":"https:\/\/www.facebook.com\/cadiz.experiences.1","article_modified_time":"2024-02-20T10:11:18+00:00","og_image":[{"url":"https:\/\/cadizexperiences.com\/wp-content\/uploads\/2024\/01\/img-contacto.png","type":"","width":"","height":""}],"twitter_card":"summary_large_image","schema":{"@context":"https:\/\/schema.org","@graph":[{"@type":"WebPage","@id":"https:\/\/cadizexperiences.com\/en\/contact\/","url":"https:\/\/cadizexperiences.com\/en\/contact\/","name":"Contact - C\u00e1diz Experiences","isPartOf":{"@id":"https:\/\/cadizexperiences.com\/en\/#website"},"primaryImageOfPage":{"@id":"https:\/\/cadizexperiences.com\/en\/contact\/#primaryimage"},"image":{"@id":"https:\/\/cadizexperiences.com\/en\/contact\/#primaryimage"},"thumbnailUrl":"https:\/\/cadizexperiences.com\/wp-content\/uploads\/2024\/01\/img-contacto.png","datePublished":"2023-12-28T12:55:54+00:00","dateModified":"2024-02-20T10:11:18+00:00","breadcrumb":{"@id":"https:\/\/cadizexperiences.com\/en\/contact\/#breadcrumb"},"inLanguage":"en-US","potentialAction":[{"@type":"ReadAction","target":["https:\/\/cadizexperiences.com\/en\/contact\/"]}]},{"@type":"ImageObject","inLanguage":"en-US","@id":"https:\/\/cadizexperiences.com\/en\/contact\/#primaryimage","url":"https:\/\/cadizexperiences.com\/wp-content\/uploads\/2024\/01\/img-contacto.png","contentUrl":"https:\/\/cadizexperiences.com\/wp-content\/uploads\/2024\/01\/img-contacto.png"},{"@type":"BreadcrumbList","@id":"https:\/\/cadizexperiences.com\/en\/contact\/#breadcrumb","itemListElement":[{"@type":"ListItem","position":1,"name":"Portada","item":"https:\/\/cadizexperiences.com\/en\/"},{"@type":"ListItem","position":2,"name":"Contact"}]},{"@type":"WebSite","@id":"https:\/\/cadizexperiences.com\/en\/#website","url":"https:\/\/cadizexperiences.com\/en\/","name":"C\u00e1diz Experiences","description":"Gu\u00eda de C\u00e1diz. Experiencias \u00e9ticas y diferentes","publisher":{"@id":"https:\/\/cadizexperiences.com\/en\/#organization"},"potentialAction":[{"@type":"SearchAction","target":{"@type":"EntryPoint","urlTemplate":"https:\/\/cadizexperiences.com\/en\/?s={search_term_string}"},"query-input":{"@type":"PropertyValueSpecification","valueRequired":true,"valueName":"search_term_string"}}],"inLanguage":"en-US"},{"@type":"Organization","@id":"https:\/\/cadizexperiences.com\/en\/#organization","name":"C\u00e1diz Experiences","url":"https:\/\/cadizexperiences.com\/en\/","logo":{"@type":"ImageObject","inLanguage":"en-US","@id":"https:\/\/cadizexperiences.com\/en\/#\/schema\/logo\/image\/","url":"https:\/\/cadizexperiences.com\/wp-content\/uploads\/2023\/12\/logo-horizontal-cadizexperiences.svg","contentUrl":"https:\/\/cadizexperiences.com\/wp-content\/uploads\/2023\/12\/logo-horizontal-cadizexperiences.svg","width":232,"height":44,"caption":"C\u00e1diz Experiences"},"image":{"@id":"https:\/\/cadizexperiences.com\/en\/#\/schema\/logo\/image\/"},"sameAs":["https:\/\/www.facebook.com\/cadiz.experiences.1","http:\/\/www.instagram.com\/cadiz_experiences","https:\/\/www.youtube.com\/channel\/UClmuhSAvwKt5rw1p8WBbmIQ"]}]}},"_links":{"self":[{"href":"https:\/\/cadizexperiences.com\/en\/wp-json\/wp\/v2\/pages\/3894","targetHints":{"allow":["GET"]}}],"collection":[{"href":"https:\/\/cadizexperiences.com\/en\/wp-json\/wp\/v2\/pages"}],"about":[{"href":"https:\/\/cadizexperiences.com\/en\/wp-json\/wp\/v2\/types\/page"}],"author":[{"embeddable":true,"href":"https:\/\/cadizexperiences.com\/en\/wp-json\/wp\/v2\/users\/1"}],"replies":[{"embeddable":true,"href":"https:\/\/cadizexperiences.com\/en\/wp-json\/wp\/v2\/comments?post=3894"}],"version-history":[{"count":1,"href":"https:\/\/cadizexperiences.com\/en\/wp-json\/wp\/v2\/pages\/3894\/revisions"}],"predecessor-version":[{"id":3895,"href":"https:\/\/cadizexperiences.com\/en\/wp-json\/wp\/v2\/pages\/3894\/revisions\/3895"}],"wp:attachment":[{"href":"https:\/\/cadizexperiences.com\/en\/wp-json\/wp\/v2\/media?parent=3894"}],"curies":[{"name":"wp","href":"https:\/\/api.w.org\/{rel}","templated":true}]}}