{"id":3896,"date":"2023-12-28T13:58:48","date_gmt":"2023-12-28T12:58:48","guid":{"rendered":"https:\/\/cadizexperiences.com\/gallery\/"},"modified":"2026-03-06T11:55:54","modified_gmt":"2026-03-06T10:55:54","slug":"gallery","status":"publish","type":"page","link":"https:\/\/cadizexperiences.com\/en\/gallery\/","title":{"rendered":"Gallery"},"content":{"rendered":"\n<section id=\"bloque-intro\" class=\"wp-block-group\"><div class=\"wp-block-group__inner-container is-layout-constrained wp-block-group-is-layout-constrained\"><div class=\"wp-bootstrap-blocks-container container mb-2\">\n\t\n<div class=\"wp-bootstrap-blocks-row row justify-content-center\">\n\t\n\n<div class=\"col-12 col-md-8\">\n\t\t\t\n\n<h2 class=\"wp-block-heading has-text-align-center\">Gallery<\/h2>\n\n\n\n<p class=\"has-text-align-center\">Here I leave you videos and photos of the province, of C\u00e1diz culinary delicacies, interviews&#8230; Emotions to whet your appetite!<\/p>\n\n\t<\/div>\n\n<\/div>\n\n<\/div>\n<\/div><\/section>\n\n\n\n<section id=\"galerias\" class=\"wp-block-group\"><div class=\"wp-block-group__inner-container is-layout-constrained wp-block-group-is-layout-constrained\"><div class=\"wp-bootstrap-blocks-container container mb-2\">\n\t\n<div class=\"wp-bootstrap-blocks-row row\">\n\t\n\n<div class=\"col-12\">\n\t\t\t\n<div class=\"wp-block-ub-tabbed-content wp-block-ub-tabbed-content-pills wp-block-ub-tabbed-content-holder d-flex flex-column align-items-center wp-block-ub-tabbed-content-horizontal-holder-mobile wp-block-ub-tabbed-content-horizontal-holder-tablet\" id=\"ub-tabbed-content-aaa9e702-144c-4bcb-8f77-e64745bde927\" style=\"\">\n\t\t\t<div class=\"wp-block-ub-tabbed-content-tab-holder horizontal-tab-width-mobile horizontal-tab-width-tablet\">\n\t\t\t\t<div role=\"tablist\" class=\"wp-block-ub-tabbed-content-tabs-title wp-block-ub-tabbed-content-tabs-title-mobile-horizontal-tab wp-block-ub-tabbed-content-tabs-title-tablet-horizontal-tab\" style=\"justify-content: flex-start; \"><div role=\"tab\" id=\"ub-tabbed-content-aaa9e702-144c-4bcb-8f77-e64745bde927-tab-0\" aria-controls=\"ub-tabbed-content-aaa9e702-144c-4bcb-8f77-e64745bde927-panel-0\" aria-selected=\"false\" class=\"wp-block-ub-tabbed-content-tab-title-wrap\" style=\"--ub-tabbed-active-title-color: inherit; --ub-tabbed-active-title-background-color: #eeeeee; text-align: left; \" tabindex=\"-1\">\n\t\t\t\t<div class=\"wp-block-ub-tabbed-content-tab-title\">V\u00eddeos<\/div>\n\t\t\t<\/div><div role=\"tab\" id=\"ub-tabbed-content-aaa9e702-144c-4bcb-8f77-e64745bde927-tab-1\" aria-controls=\"ub-tabbed-content-aaa9e702-144c-4bcb-8f77-e64745bde927-panel-1\" aria-selected=\"true\" class=\"wp-block-ub-tabbed-content-tab-title-wrap active\" style=\"--ub-tabbed-title-background-color: #eeeeee; --ub-tabbed-active-title-color: inherit; --ub-tabbed-active-title-background-color: #eeeeee; text-align: left; \" tabindex=\"-1\">\n\t\t\t\t<div class=\"wp-block-ub-tabbed-content-tab-title\">Photos<\/div>\n\t\t\t<\/div><\/div>\n\t\t\t<\/div>\n\t\t\t<div class=\"wp-block-ub-tabbed-content-tabs-content\" style=\"\"><div role=\"tabpanel\" class=\"wp-block-ub-tabbed-content-tab-content-wrap ub-hide\" id=\"ub-tabbed-content-aaa9e702-144c-4bcb-8f77-e64745bde927-panel-0\" aria-labelledby=\"ub-tabbed-content-aaa9e702-144c-4bcb-8f77-e64745bde927-tab-0\" tabindex=\"0\">\n<div class=\"wp-bootstrap-blocks-row row\">\n\t\n\n<div class=\"col-12 col-md-3\">\n\t\t\t\n\n<figure class=\"wp-block-image size-full\"><a href=\"https:\/\/youtube.com\/watch?v=qIJMuVB7qM0\"><img loading=\"lazy\" decoding=\"async\" width=\"640\" height=\"480\" src=\"https:\/\/cadizexperiences.com\/wp-content\/uploads\/2024\/02\/qIJMuVB7qM0-SD.jpg\" alt=\"\" class=\"wp-image-3981\" srcset=\"https:\/\/cadizexperiences.com\/wp-content\/uploads\/2024\/02\/qIJMuVB7qM0-SD.jpg 640w, https:\/\/cadizexperiences.com\/wp-content\/uploads\/2024\/02\/qIJMuVB7qM0-SD-300x225.jpg 300w\" sizes=\"auto, (max-width: 640px) 100vw, 640px\" \/><\/a><figcaption class=\"wp-element-caption\">A little while with: Riki Rivera<\/figcaption><\/figure>\n\n\t<\/div>\n\n\n\n<div class=\"col-12 col-md-3\">\n\t\t\t\n\n<figure class=\"wp-block-image size-full\"><a href=\"https:\/\/www.youtube.com\/watch?v=q65CStBCJYg\"><img loading=\"lazy\" decoding=\"async\" width=\"1280\" height=\"720\" src=\"https:\/\/cadizexperiences.com\/wp-content\/uploads\/2024\/02\/q65CStBCJYg-HD.jpg\" alt=\"\" class=\"wp-image-3985\" srcset=\"https:\/\/cadizexperiences.com\/wp-content\/uploads\/2024\/02\/q65CStBCJYg-HD.jpg 1280w, https:\/\/cadizexperiences.com\/wp-content\/uploads\/2024\/02\/q65CStBCJYg-HD-300x169.jpg 300w, https:\/\/cadizexperiences.com\/wp-content\/uploads\/2024\/02\/q65CStBCJYg-HD-1024x576.jpg 1024w, https:\/\/cadizexperiences.com\/wp-content\/uploads\/2024\/02\/q65CStBCJYg-HD-768x432.jpg 768w\" sizes=\"auto, (max-width: 1280px) 100vw, 1280px\" \/><\/a><figcaption class=\"wp-element-caption\">A little while with: Jes\u00fas Bienvenido<\/figcaption><\/figure>\n\n\t<\/div>\n\n\n\n<div class=\"col-12 col-md-3\">\n\t\t\t\n\n<figure class=\"wp-block-image size-full\"><a href=\"https:\/\/www.youtube.com\/watch?v=923SQcEpeq8\"><img loading=\"lazy\" decoding=\"async\" width=\"1280\" height=\"720\" src=\"https:\/\/cadizexperiences.com\/wp-content\/uploads\/2024\/02\/923SQcEpeq8-HD.jpg\" alt=\"\" class=\"wp-image-3989\" srcset=\"https:\/\/cadizexperiences.com\/wp-content\/uploads\/2024\/02\/923SQcEpeq8-HD.jpg 1280w, https:\/\/cadizexperiences.com\/wp-content\/uploads\/2024\/02\/923SQcEpeq8-HD-300x169.jpg 300w, https:\/\/cadizexperiences.com\/wp-content\/uploads\/2024\/02\/923SQcEpeq8-HD-1024x576.jpg 1024w, https:\/\/cadizexperiences.com\/wp-content\/uploads\/2024\/02\/923SQcEpeq8-HD-768x432.jpg 768w\" sizes=\"auto, (max-width: 1280px) 100vw, 1280px\" \/><\/a><figcaption class=\"wp-element-caption\">A little while with: Pepe &#8220;el caja&#8221;<\/figcaption><\/figure>\n\n\t<\/div>\n\n\n\n<div class=\"col-12 col-md-3\">\n\t\t\t\n\n<figure class=\"wp-block-image size-full\"><a href=\"https:\/\/www.youtube.com\/watch?v=j_82wu-yX4Y\"><img loading=\"lazy\" decoding=\"async\" width=\"480\" height=\"360\" src=\"https:\/\/cadizexperiences.com\/wp-content\/uploads\/2024\/02\/j_82wu-yX4Y-HQ.jpg\" alt=\"\" class=\"wp-image-3993\" srcset=\"https:\/\/cadizexperiences.com\/wp-content\/uploads\/2024\/02\/j_82wu-yX4Y-HQ.jpg 480w, https:\/\/cadizexperiences.com\/wp-content\/uploads\/2024\/02\/j_82wu-yX4Y-HQ-300x225.jpg 300w\" sizes=\"auto, (max-width: 480px) 100vw, 480px\" \/><\/a><figcaption class=\"wp-element-caption\">A little while with: David Palomar<\/figcaption><\/figure>\n\n\t<\/div>\n\n<\/div>\n\n<\/div><div role=\"tabpanel\" class=\"wp-block-ub-tabbed-content-tab-content-wrap active\" id=\"ub-tabbed-content-aaa9e702-144c-4bcb-8f77-e64745bde927-panel-1\" aria-labelledby=\"ub-tabbed-content-aaa9e702-144c-4bcb-8f77-e64745bde927-tab-1\" tabindex=\"0\">\n<div class=\"wp-bootstrap-blocks-row row\">\n\t\n\n<div class=\"col-12 col-md-3\">\n\t\t\t\n\n<figure class=\"wp-block-image size-full\"><a href=\"https:\/\/cadizexperiences.com\/wp-content\/uploads\/2024\/02\/869974954a67d8b5fcd203d1aa70b281.png\"><img loading=\"lazy\" decoding=\"async\" width=\"538\" height=\"366\" src=\"https:\/\/cadizexperiences.com\/wp-content\/uploads\/2024\/02\/869974954a67d8b5fcd203d1aa70b281.png\" alt=\"\" class=\"wp-image-3921\" srcset=\"https:\/\/cadizexperiences.com\/wp-content\/uploads\/2024\/02\/869974954a67d8b5fcd203d1aa70b281.png 538w, https:\/\/cadizexperiences.com\/wp-content\/uploads\/2024\/02\/869974954a67d8b5fcd203d1aa70b281-300x204.png 300w\" sizes=\"auto, (max-width: 538px) 100vw, 538px\" \/><\/a><\/figure>\n\n\t<\/div>\n\n\n\n<div class=\"col-12 col-md-3\">\n\t\t\t\n\n<figure class=\"wp-block-image size-full\"><a href=\"https:\/\/cadizexperiences.com\/wp-content\/uploads\/2024\/02\/6dcd71ead5d54e7a9f775504b94818a3.png\"><img loading=\"lazy\" decoding=\"async\" width=\"558\" height=\"364\" src=\"https:\/\/cadizexperiences.com\/wp-content\/uploads\/2024\/02\/6dcd71ead5d54e7a9f775504b94818a3.png\" alt=\"\" class=\"wp-image-3924\" srcset=\"https:\/\/cadizexperiences.com\/wp-content\/uploads\/2024\/02\/6dcd71ead5d54e7a9f775504b94818a3.png 558w, https:\/\/cadizexperiences.com\/wp-content\/uploads\/2024\/02\/6dcd71ead5d54e7a9f775504b94818a3-300x196.png 300w\" sizes=\"auto, (max-width: 558px) 100vw, 558px\" \/><\/a><\/figure>\n\n\t<\/div>\n\n\n\n<div class=\"col-12 col-md-3\">\n\t\t\t\n\n<figure class=\"wp-block-image size-full\"><a href=\"https:\/\/cadizexperiences.com\/wp-content\/uploads\/2024\/02\/a8e1c30843e32b174fbab29c6d403f5f.png\"><img loading=\"lazy\" decoding=\"async\" width=\"538\" height=\"372\" src=\"https:\/\/cadizexperiences.com\/wp-content\/uploads\/2024\/02\/a8e1c30843e32b174fbab29c6d403f5f.png\" alt=\"\" class=\"wp-image-3926\" srcset=\"https:\/\/cadizexperiences.com\/wp-content\/uploads\/2024\/02\/a8e1c30843e32b174fbab29c6d403f5f.png 538w, https:\/\/cadizexperiences.com\/wp-content\/uploads\/2024\/02\/a8e1c30843e32b174fbab29c6d403f5f-300x207.png 300w\" sizes=\"auto, (max-width: 538px) 100vw, 538px\" \/><\/a><\/figure>\n\n\t<\/div>\n\n\n\n<div class=\"col-12 col-md-3\">\n\t\t\t\n\n<figure class=\"wp-block-image size-full\"><a href=\"https:\/\/cadizexperiences.com\/wp-content\/uploads\/2024\/02\/13f9477a00d4236c70edcd5c8fa26d76.png\"><img loading=\"lazy\" decoding=\"async\" width=\"536\" height=\"366\" src=\"https:\/\/cadizexperiences.com\/wp-content\/uploads\/2024\/02\/13f9477a00d4236c70edcd5c8fa26d76.png\" alt=\"\" class=\"wp-image-3928\" srcset=\"https:\/\/cadizexperiences.com\/wp-content\/uploads\/2024\/02\/13f9477a00d4236c70edcd5c8fa26d76.png 536w, https:\/\/cadizexperiences.com\/wp-content\/uploads\/2024\/02\/13f9477a00d4236c70edcd5c8fa26d76-300x205.png 300w\" sizes=\"auto, (max-width: 536px) 100vw, 536px\" \/><\/a><\/figure>\n\n\t<\/div>\n\n<\/div>\n\n<\/div><\/div>\n\t\t<\/div>\n\t<\/div>\n\n<\/div>\n\n<\/div>\n<\/div><\/section>\n","protected":false},"excerpt":{"rendered":"","protected":false},"author":1,"featured_media":0,"parent":0,"menu_order":0,"comment_status":"closed","ping_status":"closed","template":"page-templates\/empty.php","meta":{"inline_featured_image":false,"footnotes":""},"class_list":["post-3896","page","type-page","status-publish","hentry"],"featured_image_src":null,"yoast_head":"<!-- This site is optimized with the Yoast SEO plugin v27.5 - https:\/\/yoast.com\/product\/yoast-seo-wordpress\/ -->\n<title>Gallery - C\u00e1diz Experiences<\/title>\n<meta name=\"robots\" content=\"index, follow, max-snippet:-1, max-image-preview:large, max-video-preview:-1\" \/>\n<link rel=\"canonical\" href=\"https:\/\/cadizexperiences.com\/en\/gallery\/\" \/>\n<meta property=\"og:locale\" content=\"en_US\" \/>\n<meta property=\"og:type\" content=\"article\" \/>\n<meta property=\"og:title\" content=\"Gallery - C\u00e1diz Experiences\" \/>\n<meta property=\"og:url\" content=\"https:\/\/cadizexperiences.com\/en\/gallery\/\" \/>\n<meta property=\"og:site_name\" content=\"C\u00e1diz Experiences\" \/>\n<meta property=\"article:publisher\" content=\"https:\/\/www.facebook.com\/cadiz.experiences.1\" \/>\n<meta property=\"article:modified_time\" content=\"2026-03-06T10:55:54+00:00\" \/>\n<meta name=\"twitter:card\" content=\"summary_large_image\" \/>\n<meta name=\"twitter:label1\" content=\"Est. reading time\" \/>\n\t<meta name=\"twitter:data1\" content=\"1 minute\" \/>\n<script type=\"application\/ld+json\" class=\"yoast-schema-graph\">{\"@context\":\"https:\\\/\\\/schema.org\",\"@graph\":[{\"@type\":\"WebPage\",\"@id\":\"https:\\\/\\\/cadizexperiences.com\\\/en\\\/gallery\\\/\",\"url\":\"https:\\\/\\\/cadizexperiences.com\\\/en\\\/gallery\\\/\",\"name\":\"Gallery - C\u00e1diz Experiences\",\"isPartOf\":{\"@id\":\"https:\\\/\\\/cadizexperiences.com\\\/en\\\/#website\"},\"datePublished\":\"2023-12-28T12:58:48+00:00\",\"dateModified\":\"2026-03-06T10:55:54+00:00\",\"breadcrumb\":{\"@id\":\"https:\\\/\\\/cadizexperiences.com\\\/en\\\/gallery\\\/#breadcrumb\"},\"inLanguage\":\"en-US\",\"potentialAction\":[{\"@type\":\"ReadAction\",\"target\":[\"https:\\\/\\\/cadizexperiences.com\\\/en\\\/gallery\\\/\"]}]},{\"@type\":\"BreadcrumbList\",\"@id\":\"https:\\\/\\\/cadizexperiences.com\\\/en\\\/gallery\\\/#breadcrumb\",\"itemListElement\":[{\"@type\":\"ListItem\",\"position\":1,\"name\":\"Portada\",\"item\":\"https:\\\/\\\/cadizexperiences.com\\\/en\\\/\"},{\"@type\":\"ListItem\",\"position\":2,\"name\":\"Gallery\"}]},{\"@type\":\"WebSite\",\"@id\":\"https:\\\/\\\/cadizexperiences.com\\\/en\\\/#website\",\"url\":\"https:\\\/\\\/cadizexperiences.com\\\/en\\\/\",\"name\":\"C\u00e1diz Experiences\",\"description\":\"Gu\u00eda de C\u00e1diz. Experiencias \u00e9ticas y diferentes\",\"publisher\":{\"@id\":\"https:\\\/\\\/cadizexperiences.com\\\/en\\\/#organization\"},\"potentialAction\":[{\"@type\":\"SearchAction\",\"target\":{\"@type\":\"EntryPoint\",\"urlTemplate\":\"https:\\\/\\\/cadizexperiences.com\\\/en\\\/?s={search_term_string}\"},\"query-input\":{\"@type\":\"PropertyValueSpecification\",\"valueRequired\":true,\"valueName\":\"search_term_string\"}}],\"inLanguage\":\"en-US\"},{\"@type\":\"Organization\",\"@id\":\"https:\\\/\\\/cadizexperiences.com\\\/en\\\/#organization\",\"name\":\"C\u00e1diz Experiences\",\"url\":\"https:\\\/\\\/cadizexperiences.com\\\/en\\\/\",\"logo\":{\"@type\":\"ImageObject\",\"inLanguage\":\"en-US\",\"@id\":\"https:\\\/\\\/cadizexperiences.com\\\/en\\\/#\\\/schema\\\/logo\\\/image\\\/\",\"url\":\"https:\\\/\\\/cadizexperiences.com\\\/wp-content\\\/uploads\\\/2023\\\/12\\\/logo-horizontal-cadizexperiences.svg\",\"contentUrl\":\"https:\\\/\\\/cadizexperiences.com\\\/wp-content\\\/uploads\\\/2023\\\/12\\\/logo-horizontal-cadizexperiences.svg\",\"width\":232,\"height\":44,\"caption\":\"C\u00e1diz Experiences\"},\"image\":{\"@id\":\"https:\\\/\\\/cadizexperiences.com\\\/en\\\/#\\\/schema\\\/logo\\\/image\\\/\"},\"sameAs\":[\"https:\\\/\\\/www.facebook.com\\\/cadiz.experiences.1\",\"http:\\\/\\\/www.instagram.com\\\/cadiz_experiences\",\"https:\\\/\\\/www.youtube.com\\\/channel\\\/UClmuhSAvwKt5rw1p8WBbmIQ\"]}]}<\/script>\n<!-- \/ Yoast SEO plugin. -->","yoast_head_json":{"title":"Gallery - C\u00e1diz Experiences","robots":{"index":"index","follow":"follow","max-snippet":"max-snippet:-1","max-image-preview":"max-image-preview:large","max-video-preview":"max-video-preview:-1"},"canonical":"https:\/\/cadizexperiences.com\/en\/gallery\/","og_locale":"en_US","og_type":"article","og_title":"Gallery - C\u00e1diz Experiences","og_url":"https:\/\/cadizexperiences.com\/en\/gallery\/","og_site_name":"C\u00e1diz Experiences","article_publisher":"https:\/\/www.facebook.com\/cadiz.experiences.1","article_modified_time":"2026-03-06T10:55:54+00:00","twitter_card":"summary_large_image","twitter_misc":{"Est. reading time":"1 minute"},"schema":{"@context":"https:\/\/schema.org","@graph":[{"@type":"WebPage","@id":"https:\/\/cadizexperiences.com\/en\/gallery\/","url":"https:\/\/cadizexperiences.com\/en\/gallery\/","name":"Gallery - C\u00e1diz Experiences","isPartOf":{"@id":"https:\/\/cadizexperiences.com\/en\/#website"},"datePublished":"2023-12-28T12:58:48+00:00","dateModified":"2026-03-06T10:55:54+00:00","breadcrumb":{"@id":"https:\/\/cadizexperiences.com\/en\/gallery\/#breadcrumb"},"inLanguage":"en-US","potentialAction":[{"@type":"ReadAction","target":["https:\/\/cadizexperiences.com\/en\/gallery\/"]}]},{"@type":"BreadcrumbList","@id":"https:\/\/cadizexperiences.com\/en\/gallery\/#breadcrumb","itemListElement":[{"@type":"ListItem","position":1,"name":"Portada","item":"https:\/\/cadizexperiences.com\/en\/"},{"@type":"ListItem","position":2,"name":"Gallery"}]},{"@type":"WebSite","@id":"https:\/\/cadizexperiences.com\/en\/#website","url":"https:\/\/cadizexperiences.com\/en\/","name":"C\u00e1diz Experiences","description":"Gu\u00eda de C\u00e1diz. Experiencias \u00e9ticas y diferentes","publisher":{"@id":"https:\/\/cadizexperiences.com\/en\/#organization"},"potentialAction":[{"@type":"SearchAction","target":{"@type":"EntryPoint","urlTemplate":"https:\/\/cadizexperiences.com\/en\/?s={search_term_string}"},"query-input":{"@type":"PropertyValueSpecification","valueRequired":true,"valueName":"search_term_string"}}],"inLanguage":"en-US"},{"@type":"Organization","@id":"https:\/\/cadizexperiences.com\/en\/#organization","name":"C\u00e1diz Experiences","url":"https:\/\/cadizexperiences.com\/en\/","logo":{"@type":"ImageObject","inLanguage":"en-US","@id":"https:\/\/cadizexperiences.com\/en\/#\/schema\/logo\/image\/","url":"https:\/\/cadizexperiences.com\/wp-content\/uploads\/2023\/12\/logo-horizontal-cadizexperiences.svg","contentUrl":"https:\/\/cadizexperiences.com\/wp-content\/uploads\/2023\/12\/logo-horizontal-cadizexperiences.svg","width":232,"height":44,"caption":"C\u00e1diz Experiences"},"image":{"@id":"https:\/\/cadizexperiences.com\/en\/#\/schema\/logo\/image\/"},"sameAs":["https:\/\/www.facebook.com\/cadiz.experiences.1","http:\/\/www.instagram.com\/cadiz_experiences","https:\/\/www.youtube.com\/channel\/UClmuhSAvwKt5rw1p8WBbmIQ"]}]}},"_links":{"self":[{"href":"https:\/\/cadizexperiences.com\/en\/wp-json\/wp\/v2\/pages\/3896","targetHints":{"allow":["GET"]}}],"collection":[{"href":"https:\/\/cadizexperiences.com\/en\/wp-json\/wp\/v2\/pages"}],"about":[{"href":"https:\/\/cadizexperiences.com\/en\/wp-json\/wp\/v2\/types\/page"}],"author":[{"embeddable":true,"href":"https:\/\/cadizexperiences.com\/en\/wp-json\/wp\/v2\/users\/1"}],"replies":[{"embeddable":true,"href":"https:\/\/cadizexperiences.com\/en\/wp-json\/wp\/v2\/comments?post=3896"}],"version-history":[{"count":3,"href":"https:\/\/cadizexperiences.com\/en\/wp-json\/wp\/v2\/pages\/3896\/revisions"}],"predecessor-version":[{"id":4903,"href":"https:\/\/cadizexperiences.com\/en\/wp-json\/wp\/v2\/pages\/3896\/revisions\/4903"}],"wp:attachment":[{"href":"https:\/\/cadizexperiences.com\/en\/wp-json\/wp\/v2\/media?parent=3896"}],"curies":[{"name":"wp","href":"https:\/\/api.w.org\/{rel}","templated":true}]}}