{"id":3901,"date":"2023-12-28T13:55:38","date_gmt":"2023-12-28T12:55:38","guid":{"rendered":"https:\/\/cadizexperiences.com\/news\/"},"modified":"2024-02-20T11:34:58","modified_gmt":"2024-02-20T10:34:58","slug":"news","status":"publish","type":"page","link":"https:\/\/cadizexperiences.com\/en\/news\/","title":{"rendered":"News"},"content":{"rendered":"\n<section id=\"bloque-intro\" class=\"wp-block-group\"><div class=\"wp-block-group__inner-container is-layout-constrained wp-block-group-is-layout-constrained\"><div class=\"wp-bootstrap-blocks-container container mb-2\">\n\t\n<div class=\"wp-bootstrap-blocks-row row justify-content-center\">\n\t\n\n<div class=\"col-12 col-md-8\">\n\t\t\t\n\n<h2 class=\"wp-block-heading has-text-align-center\">News<\/h2>\n\n\n\n<p class=\"has-text-align-center\">Here I tell you things about various topics about the province of C\u00e1diz so that your visit is better than a plate of fried fish on the beach.<\/p>\n\n\t<\/div>\n\n<\/div>\n\n<\/div>\n<\/div><\/section>\n\n<section id=\"bloque-categorias\" class=\"wp-block-group\"><div class=\"wp-block-group__inner-container is-layout-constrained wp-block-group-is-layout-constrained\"><div class=\"wp-bootstrap-blocks-container container mb-2\">\n\t\n<div class=\"wp-bootstrap-blocks-row row justify-content-center\">\n\t\n\n<div class=\"col-12\">\n\t\t\t\n\n<p class=\"has-text-align-center\"><strong>Categories<\/strong><\/p>\n\n\n<ul class=\"wp-block-categories-list lista-categorias wp-block-categories\">\t<li class=\"cat-item cat-item-55\"><a href=\"https:\/\/cadizexperiences.com\/en\/category\/andalucia-en-2\/\">Andaluc\u00eda<\/a>\n<\/li>\n\t<li class=\"cat-item cat-item-57\"><a href=\"https:\/\/cadizexperiences.com\/en\/category\/cadiz-en-en\/\">C\u00e1diz<\/a>\n<\/li>\n\t<li class=\"cat-item cat-item-63\"><a href=\"https:\/\/cadizexperiences.com\/en\/category\/cadiz-province\/\">C\u00e1diz Province<\/a>\n<\/li>\n\t<li class=\"cat-item cat-item-69\"><a href=\"https:\/\/cadizexperiences.com\/en\/category\/culture\/\">Culture<\/a>\n<\/li>\n\t<li class=\"cat-item cat-item-80\"><a href=\"https:\/\/cadizexperiences.com\/en\/category\/events-en\/\">Events<\/a>\n<\/li>\n\t<li class=\"cat-item cat-item-59\"><a href=\"https:\/\/cadizexperiences.com\/en\/category\/history\/\">History<\/a>\n<\/li>\n\t<li class=\"cat-item cat-item-142\"><a href=\"https:\/\/cadizexperiences.com\/en\/category\/music\/\">Music<\/a>\n<\/li>\n\t<li class=\"cat-item cat-item-206\"><a href=\"https:\/\/cadizexperiences.com\/en\/category\/nature\/\">Nature<\/a>\n<\/li>\n\t<li class=\"cat-item cat-item-82\"><a href=\"https:\/\/cadizexperiences.com\/en\/category\/news-en\/\">news<\/a>\n<\/li>\n\t<li class=\"cat-item cat-item-233\"><a href=\"https:\/\/cadizexperiences.com\/en\/category\/sports\/\">Sports<\/a>\n<\/li>\n\t<li class=\"cat-item cat-item-61\"><a href=\"https:\/\/cadizexperiences.com\/en\/category\/traditions\/\">traditions<\/a>\n<\/li>\n\t<li class=\"cat-item cat-item-7\"><a href=\"https:\/\/cadizexperiences.com\/en\/category\/uncategorized\/\">Uncategorized<\/a>\n<\/li>\n<\/ul>\n\t<\/div>\n\n<\/div>\n\n<\/div>\n<\/div><\/section>\n\n<section id=\"bloque-noticias\" class=\"wp-block-group\"><div class=\"wp-block-group__inner-container is-layout-constrained wp-block-group-is-layout-constrained\"><div class=\"wp-bootstrap-blocks-container container mb-2\">\n\t\n<div class=\"wp-bootstrap-blocks-row row\">\n\t\n\n<div class=\"col-12\">\n\t\t\t\n\n<div class=\"wp-block-query is-layout-flow wp-block-query-is-layout-flow\"><ul class=\"columns-3 wp-block-post-template is-layout-grid wp-container-core-post-template-is-layout-2fc57c17 wp-block-post-template-is-layout-grid\"><li class=\"wp-block-post post-2597 post type-post status-publish format-standard has-post-thumbnail hentry category-andalucia category-andalucia-en-2 category-cultura category-culture category-tradiciones category-traditions\">\n\n<article class=\"wp-block-group\" style=\"padding-top:30px;padding-right:30px;padding-bottom:30px;padding-left:30px\"><div class=\"wp-block-group__inner-container is-layout-flow wp-block-group-is-layout-flow\"><figure class=\"wp-block-post-featured-image\"><a href=\"https:\/\/cadizexperiences.com\/en\/the-tradition-of-tapas\/\" target=\"_self\"  ><img loading=\"lazy\" decoding=\"async\" width=\"450\" height=\"450\" src=\"https:\/\/cadizexperiences.com\/wp-content\/uploads\/2019\/12\/casa-manteca-interior.jpg\" class=\"attachment-post-thumbnail size-post-thumbnail wp-post-image\" alt=\"The tradition of Tapas\" style=\"object-fit:cover;\" srcset=\"https:\/\/cadizexperiences.com\/wp-content\/uploads\/2019\/12\/casa-manteca-interior.jpg 450w, https:\/\/cadizexperiences.com\/wp-content\/uploads\/2019\/12\/casa-manteca-interior-300x300.jpg 300w, https:\/\/cadizexperiences.com\/wp-content\/uploads\/2019\/12\/casa-manteca-interior-150x150.jpg 150w\" sizes=\"auto, (max-width: 450px) 100vw, 450px\" \/><\/a><\/figure>\n\n\n<div class=\"wp-block-group texto-noticia\"><div class=\"wp-block-group__inner-container is-layout-constrained wp-block-group-is-layout-constrained\"><h3 class=\"wp-block-post-title\"><a href=\"https:\/\/cadizexperiences.com\/en\/the-tradition-of-tapas\/\" target=\"_self\" >The tradition of Tapas<\/a><\/h3>\n\n\n<figure class=\"wp-block-image size-large separador\"><img decoding=\"async\" src=\"https:\/\/cadizexperiences.com\/wp-content\/uploads\/2024\/01\/separador.svg\" alt=\"\"\/><\/figure>\n\n\n<div class=\"wp-block-post-excerpt\"><p class=\"wp-block-post-excerpt__excerpt\">If we think of Andalusia, it is inevitable to think of tapas. Furthermore, the fact that there is a verb like &#8220;Tapear&#8221; taken from the noun &#8220;tapa&#8221;, highlights the importance of this tradition and how internalized it is in our culture.<\/p><p class=\"wp-block-post-excerpt__more-text\"><a class=\"wp-block-post-excerpt__more-link\" href=\"https:\/\/cadizexperiences.com\/en\/the-tradition-of-tapas\/\">Read article<\/a><\/p><\/div><\/div><\/div>\n<\/div><\/article>\n\n<\/li><li class=\"wp-block-post post-3415 post type-post status-publish format-standard has-post-thumbnail hentry category-cadiz-en category-deporte category-naturaleza category-provincia-de-cadiz\">\n\n<article class=\"wp-block-group\" style=\"padding-top:30px;padding-right:30px;padding-bottom:30px;padding-left:30px\"><div class=\"wp-block-group__inner-container is-layout-flow wp-block-group-is-layout-flow\"><figure class=\"wp-block-post-featured-image\"><a href=\"https:\/\/cadizexperiences.com\/en\/cadiz-and-the-surf\/\" target=\"_self\"  ><img loading=\"lazy\" decoding=\"async\" width=\"626\" height=\"417\" src=\"https:\/\/cadizexperiences.com\/wp-content\/uploads\/2020\/07\/silueta-hombre-paddleboarding-al-atardecer_211251-901.jpg\" class=\"attachment-post-thumbnail size-post-thumbnail wp-post-image\" alt=\"C\u00e1diz and the Surf\" style=\"object-fit:cover;\" srcset=\"https:\/\/cadizexperiences.com\/wp-content\/uploads\/2020\/07\/silueta-hombre-paddleboarding-al-atardecer_211251-901.jpg 626w, https:\/\/cadizexperiences.com\/wp-content\/uploads\/2020\/07\/silueta-hombre-paddleboarding-al-atardecer_211251-901-300x200.jpg 300w\" sizes=\"auto, (max-width: 626px) 100vw, 626px\" \/><\/a><\/figure>\n\n\n<div class=\"wp-block-group texto-noticia\"><div class=\"wp-block-group__inner-container is-layout-constrained wp-block-group-is-layout-constrained\"><h3 class=\"wp-block-post-title\"><a href=\"https:\/\/cadizexperiences.com\/en\/cadiz-and-the-surf\/\" target=\"_self\" >C\u00e1diz and the Surf<\/a><\/h3>\n\n\n<figure class=\"wp-block-image size-large separador\"><img decoding=\"async\" src=\"https:\/\/cadizexperiences.com\/wp-content\/uploads\/2024\/01\/separador.svg\" alt=\"\"\/><\/figure>\n\n\n<div class=\"wp-block-post-excerpt\"><p class=\"wp-block-post-excerpt__excerpt\">Surfing was born in Hawaii many years ago. The first document found was in the 16th century and reflected the ability of the Natives to glide through the waves, on wooden planks, to fish.<\/p><p class=\"wp-block-post-excerpt__more-text\"><a class=\"wp-block-post-excerpt__more-link\" href=\"https:\/\/cadizexperiences.com\/en\/cadiz-and-the-surf\/\">Read article<\/a><\/p><\/div><\/div><\/div>\n<\/div><\/article>\n\n<\/li><li class=\"wp-block-post post-3359 post type-post status-publish format-standard has-post-thumbnail hentry category-cadiz-en category-eventos category-noticias\">\n\n<article class=\"wp-block-group\" style=\"padding-top:30px;padding-right:30px;padding-bottom:30px;padding-left:30px\"><div class=\"wp-block-group__inner-container is-layout-flow wp-block-group-is-layout-flow\"><figure class=\"wp-block-post-featured-image\"><a href=\"https:\/\/cadizexperiences.com\/en\/how-do-i-book-my-tour\/\" target=\"_self\"  ><img loading=\"lazy\" decoding=\"async\" width=\"626\" height=\"626\" src=\"https:\/\/cadizexperiences.com\/wp-content\/uploads\/2020\/07\/ilustracion-concepto-preguntas_114360-1513.jpg\" class=\"attachment-post-thumbnail size-post-thumbnail wp-post-image\" alt=\"How do I book my tour?\" style=\"object-fit:cover;\" srcset=\"https:\/\/cadizexperiences.com\/wp-content\/uploads\/2020\/07\/ilustracion-concepto-preguntas_114360-1513.jpg 626w, https:\/\/cadizexperiences.com\/wp-content\/uploads\/2020\/07\/ilustracion-concepto-preguntas_114360-1513-300x300.jpg 300w, https:\/\/cadizexperiences.com\/wp-content\/uploads\/2020\/07\/ilustracion-concepto-preguntas_114360-1513-150x150.jpg 150w\" sizes=\"auto, (max-width: 626px) 100vw, 626px\" \/><\/a><\/figure>\n\n\n<div class=\"wp-block-group texto-noticia\"><div class=\"wp-block-group__inner-container is-layout-constrained wp-block-group-is-layout-constrained\"><h3 class=\"wp-block-post-title\"><a href=\"https:\/\/cadizexperiences.com\/en\/how-do-i-book-my-tour\/\" target=\"_self\" >How do I book my tour?<\/a><\/h3>\n\n\n<figure class=\"wp-block-image size-large separador\"><img decoding=\"async\" src=\"https:\/\/cadizexperiences.com\/wp-content\/uploads\/2024\/01\/separador.svg\" alt=\"\"\/><\/figure>\n\n\n<div class=\"wp-block-post-excerpt\"><p class=\"wp-block-post-excerpt__excerpt\">C\u00e1diz Experiences tours have fixed days and dates for you to book directly through the website. It is very simple:<\/p><p class=\"wp-block-post-excerpt__more-text\"><a class=\"wp-block-post-excerpt__more-link\" href=\"https:\/\/cadizexperiences.com\/en\/how-do-i-book-my-tour\/\">Read article<\/a><\/p><\/div><\/div><\/div>\n<\/div><\/article>\n\n<\/li><li class=\"wp-block-post post-3347 post type-post status-publish format-standard has-post-thumbnail hentry category-cadiz-en category-naturaleza\">\n\n<article class=\"wp-block-group\" style=\"padding-top:30px;padding-right:30px;padding-bottom:30px;padding-left:30px\"><div class=\"wp-block-group__inner-container is-layout-flow wp-block-group-is-layout-flow\"><figure class=\"wp-block-post-featured-image\"><a href=\"https:\/\/cadizexperiences.com\/en\/the-only-place-in-the-iberian-peninsula-where-you-could-see-the-sunrise-and-sunset-over-the-sea\/\" target=\"_self\"  ><img loading=\"lazy\" decoding=\"async\" width=\"2560\" height=\"1920\" src=\"https:\/\/cadizexperiences.com\/wp-content\/uploads\/2020\/07\/IMG_20200504_213556-scaled.jpg\" class=\"attachment-post-thumbnail size-post-thumbnail wp-post-image\" alt=\"The only place in the Iberian Peninsula where you could see the sunrise and sunset over the sea\" style=\"object-fit:cover;\" srcset=\"https:\/\/cadizexperiences.com\/wp-content\/uploads\/2020\/07\/IMG_20200504_213556-scaled.jpg 2560w, https:\/\/cadizexperiences.com\/wp-content\/uploads\/2020\/07\/IMG_20200504_213556-300x225.jpg 300w, https:\/\/cadizexperiences.com\/wp-content\/uploads\/2020\/07\/IMG_20200504_213556-1024x768.jpg 1024w, https:\/\/cadizexperiences.com\/wp-content\/uploads\/2020\/07\/IMG_20200504_213556-768x576.jpg 768w, https:\/\/cadizexperiences.com\/wp-content\/uploads\/2020\/07\/IMG_20200504_213556-1536x1152.jpg 1536w, https:\/\/cadizexperiences.com\/wp-content\/uploads\/2020\/07\/IMG_20200504_213556-2048x1536.jpg 2048w\" sizes=\"auto, (max-width: 2560px) 100vw, 2560px\" \/><\/a><\/figure>\n\n\n<div class=\"wp-block-group texto-noticia\"><div class=\"wp-block-group__inner-container is-layout-constrained wp-block-group-is-layout-constrained\"><h3 class=\"wp-block-post-title\"><a href=\"https:\/\/cadizexperiences.com\/en\/the-only-place-in-the-iberian-peninsula-where-you-could-see-the-sunrise-and-sunset-over-the-sea\/\" target=\"_self\" >The only place in the Iberian Peninsula where you could see the sunrise and sunset over the sea<\/a><\/h3>\n\n\n<figure class=\"wp-block-image size-large separador\"><img decoding=\"async\" src=\"https:\/\/cadizexperiences.com\/wp-content\/uploads\/2024\/01\/separador.svg\" alt=\"\"\/><\/figure>\n\n\n<div class=\"wp-block-post-excerpt\"><p class=\"wp-block-post-excerpt__excerpt\">C\u00e1diz is the only city in the Iberian Peninsula (Spain and Portugal) and Islands where you can enjoy a sunrise and sunset over the Atlantic Ocean without leaving the city and without the need to use a car for it. That is one of the advantages of the city being practically an island.<\/p><p class=\"wp-block-post-excerpt__more-text\"><a class=\"wp-block-post-excerpt__more-link\" href=\"https:\/\/cadizexperiences.com\/en\/the-only-place-in-the-iberian-peninsula-where-you-could-see-the-sunrise-and-sunset-over-the-sea\/\">Read article<\/a><\/p><\/div><\/div><\/div>\n<\/div><\/article>\n\n<\/li><\/ul>\n\n<nav class=\"wp-block-query-pagination is-layout-flex wp-block-query-pagination-is-layout-flex\" aria-label=\"Pagination\">\n\n\n<div class=\"wp-block-query-pagination-numbers\"><span aria-current=\"page\" class=\"page-numbers current\">1<\/span>\n<a class=\"page-numbers\" href=\"?query-12-page=2\">2<\/a>\n<a class=\"page-numbers\" href=\"?query-12-page=3\">3<\/a>\n<span class=\"page-numbers dots\">&hellip;<\/span>\n<a class=\"page-numbers\" href=\"?query-12-page=7\">7<\/a><\/div>\n\n<a href=\"\/en\/wp-json\/wp\/v2\/pages\/3901?query-12-page=2\" class=\"wp-block-query-pagination-next\" aria-label=\"Next Page\"><span class='wp-block-query-pagination-next-arrow is-arrow-arrow' aria-hidden='true'>\u2192<\/span><\/a>\n<\/nav>\n\n<\/div>\n\n\t<\/div>\n\n<\/div>\n\n<\/div>\n<\/div><\/section>\n","protected":false},"excerpt":{"rendered":"","protected":false},"author":1,"featured_media":0,"parent":0,"menu_order":0,"comment_status":"closed","ping_status":"closed","template":"page-templates\/empty.php","meta":{"inline_featured_image":false,"footnotes":""},"class_list":["post-3901","page","type-page","status-publish","hentry"],"featured_image_src":null,"yoast_head":"<!-- This site is optimized with the Yoast SEO plugin v27.3 - https:\/\/yoast.com\/product\/yoast-seo-wordpress\/ -->\n<title>News - C\u00e1diz Experiences<\/title>\n<meta name=\"robots\" content=\"index, follow, max-snippet:-1, max-image-preview:large, max-video-preview:-1\" \/>\n<link rel=\"canonical\" href=\"https:\/\/cadizexperiences.com\/en\/news\/\" \/>\n<link rel=\"next\" href=\"https:\/\/cadizexperiences.com\/en\/news\/3901\/?query-12-page=2\" \/>\n<meta property=\"og:locale\" content=\"en_US\" \/>\n<meta property=\"og:type\" content=\"article\" \/>\n<meta property=\"og:title\" content=\"News - C\u00e1diz Experiences\" \/>\n<meta property=\"og:url\" content=\"https:\/\/cadizexperiences.com\/en\/news\/\" \/>\n<meta property=\"og:site_name\" content=\"C\u00e1diz Experiences\" \/>\n<meta property=\"article:publisher\" content=\"https:\/\/www.facebook.com\/cadiz.experiences.1\" \/>\n<meta property=\"article:modified_time\" content=\"2024-02-20T10:34:58+00:00\" \/>\n<meta name=\"twitter:card\" content=\"summary_large_image\" \/>\n<script type=\"application\/ld+json\" class=\"yoast-schema-graph\">{\"@context\":\"https:\\\/\\\/schema.org\",\"@graph\":[{\"@type\":\"WebPage\",\"@id\":\"https:\\\/\\\/cadizexperiences.com\\\/en\\\/news\\\/\",\"url\":\"https:\\\/\\\/cadizexperiences.com\\\/en\\\/news\\\/\",\"name\":\"News - C\u00e1diz Experiences\",\"isPartOf\":{\"@id\":\"https:\\\/\\\/cadizexperiences.com\\\/en\\\/#website\"},\"datePublished\":\"2023-12-28T12:55:38+00:00\",\"dateModified\":\"2024-02-20T10:34:58+00:00\",\"breadcrumb\":{\"@id\":\"https:\\\/\\\/cadizexperiences.com\\\/en\\\/news\\\/#breadcrumb\"},\"inLanguage\":\"en-US\",\"potentialAction\":[{\"@type\":\"ReadAction\",\"target\":[\"https:\\\/\\\/cadizexperiences.com\\\/en\\\/news\\\/\"]}]},{\"@type\":\"BreadcrumbList\",\"@id\":\"https:\\\/\\\/cadizexperiences.com\\\/en\\\/news\\\/#breadcrumb\",\"itemListElement\":[{\"@type\":\"ListItem\",\"position\":1,\"name\":\"Portada\",\"item\":\"https:\\\/\\\/cadizexperiences.com\\\/en\\\/\"},{\"@type\":\"ListItem\",\"position\":2,\"name\":\"News\"}]},{\"@type\":\"WebSite\",\"@id\":\"https:\\\/\\\/cadizexperiences.com\\\/en\\\/#website\",\"url\":\"https:\\\/\\\/cadizexperiences.com\\\/en\\\/\",\"name\":\"C\u00e1diz Experiences\",\"description\":\"Gu\u00eda de C\u00e1diz. Experiencias \u00e9ticas y diferentes\",\"publisher\":{\"@id\":\"https:\\\/\\\/cadizexperiences.com\\\/en\\\/#organization\"},\"potentialAction\":[{\"@type\":\"SearchAction\",\"target\":{\"@type\":\"EntryPoint\",\"urlTemplate\":\"https:\\\/\\\/cadizexperiences.com\\\/en\\\/?s={search_term_string}\"},\"query-input\":{\"@type\":\"PropertyValueSpecification\",\"valueRequired\":true,\"valueName\":\"search_term_string\"}}],\"inLanguage\":\"en-US\"},{\"@type\":\"Organization\",\"@id\":\"https:\\\/\\\/cadizexperiences.com\\\/en\\\/#organization\",\"name\":\"C\u00e1diz Experiences\",\"url\":\"https:\\\/\\\/cadizexperiences.com\\\/en\\\/\",\"logo\":{\"@type\":\"ImageObject\",\"inLanguage\":\"en-US\",\"@id\":\"https:\\\/\\\/cadizexperiences.com\\\/en\\\/#\\\/schema\\\/logo\\\/image\\\/\",\"url\":\"https:\\\/\\\/cadizexperiences.com\\\/wp-content\\\/uploads\\\/2023\\\/12\\\/logo-horizontal-cadizexperiences.svg\",\"contentUrl\":\"https:\\\/\\\/cadizexperiences.com\\\/wp-content\\\/uploads\\\/2023\\\/12\\\/logo-horizontal-cadizexperiences.svg\",\"width\":232,\"height\":44,\"caption\":\"C\u00e1diz Experiences\"},\"image\":{\"@id\":\"https:\\\/\\\/cadizexperiences.com\\\/en\\\/#\\\/schema\\\/logo\\\/image\\\/\"},\"sameAs\":[\"https:\\\/\\\/www.facebook.com\\\/cadiz.experiences.1\",\"http:\\\/\\\/www.instagram.com\\\/cadiz_experiences\",\"https:\\\/\\\/www.youtube.com\\\/channel\\\/UClmuhSAvwKt5rw1p8WBbmIQ\"]}]}<\/script>\n<!-- \/ Yoast SEO plugin. -->","yoast_head_json":{"title":"News - C\u00e1diz Experiences","robots":{"index":"index","follow":"follow","max-snippet":"max-snippet:-1","max-image-preview":"max-image-preview:large","max-video-preview":"max-video-preview:-1"},"canonical":"https:\/\/cadizexperiences.com\/en\/news\/","next":"https:\/\/cadizexperiences.com\/en\/news\/3901?query-12-page=2","og_locale":"en_US","og_type":"article","og_title":"News - C\u00e1diz Experiences","og_url":"https:\/\/cadizexperiences.com\/en\/news\/","og_site_name":"C\u00e1diz Experiences","article_publisher":"https:\/\/www.facebook.com\/cadiz.experiences.1","article_modified_time":"2024-02-20T10:34:58+00:00","twitter_card":"summary_large_image","schema":{"@context":"https:\/\/schema.org","@graph":[{"@type":"WebPage","@id":"https:\/\/cadizexperiences.com\/en\/news\/","url":"https:\/\/cadizexperiences.com\/en\/news\/","name":"News - C\u00e1diz Experiences","isPartOf":{"@id":"https:\/\/cadizexperiences.com\/en\/#website"},"datePublished":"2023-12-28T12:55:38+00:00","dateModified":"2024-02-20T10:34:58+00:00","breadcrumb":{"@id":"https:\/\/cadizexperiences.com\/en\/news\/#breadcrumb"},"inLanguage":"en-US","potentialAction":[{"@type":"ReadAction","target":["https:\/\/cadizexperiences.com\/en\/news\/"]}]},{"@type":"BreadcrumbList","@id":"https:\/\/cadizexperiences.com\/en\/news\/#breadcrumb","itemListElement":[{"@type":"ListItem","position":1,"name":"Portada","item":"https:\/\/cadizexperiences.com\/en\/"},{"@type":"ListItem","position":2,"name":"News"}]},{"@type":"WebSite","@id":"https:\/\/cadizexperiences.com\/en\/#website","url":"https:\/\/cadizexperiences.com\/en\/","name":"C\u00e1diz Experiences","description":"Gu\u00eda de C\u00e1diz. Experiencias \u00e9ticas y diferentes","publisher":{"@id":"https:\/\/cadizexperiences.com\/en\/#organization"},"potentialAction":[{"@type":"SearchAction","target":{"@type":"EntryPoint","urlTemplate":"https:\/\/cadizexperiences.com\/en\/?s={search_term_string}"},"query-input":{"@type":"PropertyValueSpecification","valueRequired":true,"valueName":"search_term_string"}}],"inLanguage":"en-US"},{"@type":"Organization","@id":"https:\/\/cadizexperiences.com\/en\/#organization","name":"C\u00e1diz Experiences","url":"https:\/\/cadizexperiences.com\/en\/","logo":{"@type":"ImageObject","inLanguage":"en-US","@id":"https:\/\/cadizexperiences.com\/en\/#\/schema\/logo\/image\/","url":"https:\/\/cadizexperiences.com\/wp-content\/uploads\/2023\/12\/logo-horizontal-cadizexperiences.svg","contentUrl":"https:\/\/cadizexperiences.com\/wp-content\/uploads\/2023\/12\/logo-horizontal-cadizexperiences.svg","width":232,"height":44,"caption":"C\u00e1diz Experiences"},"image":{"@id":"https:\/\/cadizexperiences.com\/en\/#\/schema\/logo\/image\/"},"sameAs":["https:\/\/www.facebook.com\/cadiz.experiences.1","http:\/\/www.instagram.com\/cadiz_experiences","https:\/\/www.youtube.com\/channel\/UClmuhSAvwKt5rw1p8WBbmIQ"]}]}},"_links":{"self":[{"href":"https:\/\/cadizexperiences.com\/en\/wp-json\/wp\/v2\/pages\/3901","targetHints":{"allow":["GET"]}}],"collection":[{"href":"https:\/\/cadizexperiences.com\/en\/wp-json\/wp\/v2\/pages"}],"about":[{"href":"https:\/\/cadizexperiences.com\/en\/wp-json\/wp\/v2\/types\/page"}],"author":[{"embeddable":true,"href":"https:\/\/cadizexperiences.com\/en\/wp-json\/wp\/v2\/users\/1"}],"replies":[{"embeddable":true,"href":"https:\/\/cadizexperiences.com\/en\/wp-json\/wp\/v2\/comments?post=3901"}],"version-history":[{"count":1,"href":"https:\/\/cadizexperiences.com\/en\/wp-json\/wp\/v2\/pages\/3901\/revisions"}],"predecessor-version":[{"id":3902,"href":"https:\/\/cadizexperiences.com\/en\/wp-json\/wp\/v2\/pages\/3901\/revisions\/3902"}],"wp:attachment":[{"href":"https:\/\/cadizexperiences.com\/en\/wp-json\/wp\/v2\/media?parent=3901"}],"curies":[{"name":"wp","href":"https:\/\/api.w.org\/{rel}","templated":true}]}}